{"id":132,"date":"2010-02-27T22:30:08","date_gmt":"2010-02-27T21:30:08","guid":{"rendered":"http:\/\/www.grupohipnosiscopcv.es\/wordpress\/hipnosis-en-la-ficcion\/"},"modified":"2010-11-07T12:05:34","modified_gmt":"2010-11-07T11:05:34","slug":"hipnosis-en-la-ficcion","status":"publish","type":"page","link":"https:\/\/www.grupohipnosiscopcv.es\/wordpress\/informacion-para-usuarios\/hipnosis-en-la-ficcion\/","title":{"rendered":"Hipnosis en la ficci\u00f3n"},"content":{"rendered":"<ul>\n<li><a href=\"http:\/\/www.grupohipnosiscopcv.es\/wordpress\/informacion-para-usuarios\/hipnosis-en-la-ficcion\/peliculas\/\">Pel\u00edculas<\/a><\/li>\n<\/ul>\n<ul>\n<li><a href=\"http:\/\/www.grupohipnosiscopcv.es\/wordpress\/informacion-para-usuarios\/hipnosis-en-la-ficcion\/series\/\">Series<\/a><\/li>\n<\/ul>\n<ul>\n<li><a href=\"http:\/\/www.grupohipnosiscopcv.es\/wordpress\/informacion-para-usuarios\/hipnosis-en-la-ficcion\/literatura\/\">Literatura<\/a><\/li>\n<\/ul>\n<p>En este apartado se ir\u00e1n incluyendo fichas de pel\u00edculas, series y literatura donde aparece, de alguna forma, la hipnosis, con un breve comentario sobre los mitos que fomenta el tratamiento que se ha dado al tema.<\/p>\n<p>Si conoce alguna pel\u00edcula, serie o t\u00edtulo literario que haya tratado la hipnosis, aunque sea brevemente, agradeceremos que nos comunique, por correo electr\u00f3nico, el mayor n\u00famero de detalles que recuerde.<\/p>\n<p>Sobre este tema se pueden consultar las siguientes referencias bibliogr\u00e1ficas:<\/p>\n<p>Barrett, D. (2006). Hypnosis in film and television. American Journal of Clinical Hypnosis, 49(1), 13-30. (Abstract)<\/p>\n<p>Traducci\u00f3n del abstract de este art\u00edculo:<\/p>\n<p>\u00abHipnosis en las pel\u00edculas y en la televisi\u00f3n\u00bb<\/p>\n<p>Sumario:<\/p>\n<p>Cuando el hipnotizador aparece en la pantalla se puede suponer que algo malo va a suceder. Si su inducci\u00f3n tiene pases \u00abmagn\u00e9ticos\u00bb con las manos, probablemente intentar\u00e1 inducir, a alguien, a cometer un delito. Si hipnotiza con una mirada fija e intensa, su intenci\u00f3n ser\u00e1 probablemente la de seducir -de hecho muchas de las inducciones en las pel\u00edculas son similares en muchas caracter\u00edsticas con el contacto ocular que los etn\u00f3logos llaman de \u00abmirada copulatoria\u00bb.<\/p>\n<p>Este art\u00edculo explora el papel de la hipnosis en m\u00e1s de 239 pel\u00edculas y las coloca dentro de varias categor\u00edas de estereotipos (en su mayor\u00eda negativos). Tambi\u00e9n son referenciadas algunas excepciones cinematogr\u00e1ficas en las cuales la hipnosis es representada de modo positivo y realista. Hac\u00eda al final, el papel de la hipnosis en las pel\u00edculas es comparado con las representaciones cinematogr\u00e1ficas de la psicoterapia y de los sue\u00f1os. Son debatidas las razones por las cuales la hipnosis es tan negativamente representada y se especula sobre lo que los profesionales que trabajan con la hipnosis pueden hacer para cambiar estos estereotipos.<\/p>\n<p>(Traducci\u00f3n realizada por Ana Almeida Melikian, 14-10-2007)<\/p>\n<p>Carrillo Martos, J. L. (2003). \u00a1Detened la muerte! Un arquetipo amenazante como recurso literario y cinematogr\u00e1fico. En L. Montiel &amp; A. Gonz\u00e1lez de Pablo (Eds.), En ning\u00fan lugar en parte alguna: Estudios sobre la historia del magnetismo animal y del hipnotismo (pp. 301-324). Madrid: Frenia.<\/p>\n<p>Resumen:<\/p>\n<p>Juan Luis Carrillo Martos, Catedr\u00e1tico de Historia de la Ciencia de la Universidad de Sevilla, escribi\u00f3 un interesante cap\u00edtulo del libro \u00abEn ning\u00fan lugar en parte alguna: Estudios sobre la historia del magnetismo animal y del hipnotismo\u00bb editado por Montiel e G\u00f3nzalvez de Pablo en 2003. En el cap\u00edtulo titulado provocativamente de \u00ab\u00a1Detened la muerte! \u00bb el autor habla de como la literatura y el cine han expresado muchas de las inquietudes de los seres humanos como \u00abla muerte y todo lo que con ella tiene que ver\u00bb (p. 303) hasta la posibilidad de que nuestras vidas (y muertes) sean dirigidas por terceros, como por ejemplo por el poder del hipnotizador. Partiendo de este presupuesto el autor analiza diferentes obras literarias (ej. \u00abDer Magmetiseur\u00bb de Hoffmann; \u00abThe Bostonians\u00bb de Henry James; \u00abTrilby\u00bb de George L. du Maurier; \u00abThe Facts of M. Valdemar&#8217;s Case\u00bb de Edgar Allan Poe) y cinematogr\u00e1ficas (ej. \u00abSvengali\u00bb por Archie L. Mayo; \u00abTales of Terror\u00bb por Roger Corman; \u00abThe Curse of the Jade Scorpion\u00bb por Woody Allen), ilustrando como los mitos sobre la hipnosis son utilizados por autores y directores para explotar las inquietudes humanas.<\/p>\n<p>(Resumen realizado por Ana Almeida Melikian, 13-10-2008)<\/p>\n<ul>\n<li><a href=\"http:\/\/www.grupohipnosiscopcv.es\/wordpress\/informacion-para-usuarios\/hipnosis-en-la-ficcion\/peliculas\/\">Pel\u00edculas<\/a><\/li>\n<\/ul>\n<ul>\n<li><a href=\"http:\/\/www.grupohipnosiscopcv.es\/wordpress\/informacion-para-usuarios\/hipnosis-en-la-ficcion\/series\/\">Series<\/a><\/li>\n<\/ul>\n<ul>\n<li><a href=\"http:\/\/www.grupohipnosiscopcv.es\/wordpress\/informacion-para-usuarios\/hipnosis-en-la-ficcion\/literatura\/\">Literatura<\/a><\/li>\n<\/ul>\n","protected":false},"excerpt":{"rendered":"<p>Pel\u00edculas Series Literatura En este apartado se ir\u00e1n incluyendo fichas de pel\u00edculas, series y literatura donde aparece, de alguna forma, la hipnosis, con un breve comentario sobre los mitos que fomenta el tratamiento que se ha dado al tema. Si conoce alguna pel\u00edcula, serie o t\u00edtulo literario que haya tratado la hipnosis, aunque sea brevemente, &hellip;<\/p>\n","protected":false},"author":12,"featured_media":0,"parent":27,"menu_order":16,"comment_status":"closed","ping_status":"closed","template":"","meta":{"footnotes":""},"categories":[10],"tags":[],"class_list":["post-132","page","type-page","status-publish","hentry","category-noticias"],"_links":{"self":[{"href":"https:\/\/www.grupohipnosiscopcv.es\/wordpress\/wp-json\/wp\/v2\/pages\/132","targetHints":{"allow":["GET"]}}],"collection":[{"href":"https:\/\/www.grupohipnosiscopcv.es\/wordpress\/wp-json\/wp\/v2\/pages"}],"about":[{"href":"https:\/\/www.grupohipnosiscopcv.es\/wordpress\/wp-json\/wp\/v2\/types\/page"}],"author":[{"embeddable":true,"href":"https:\/\/www.grupohipnosiscopcv.es\/wordpress\/wp-json\/wp\/v2\/users\/12"}],"replies":[{"embeddable":true,"href":"https:\/\/www.grupohipnosiscopcv.es\/wordpress\/wp-json\/wp\/v2\/comments?post=132"}],"version-history":[{"count":10,"href":"https:\/\/www.grupohipnosiscopcv.es\/wordpress\/wp-json\/wp\/v2\/pages\/132\/revisions"}],"predecessor-version":[{"id":2320,"href":"https:\/\/www.grupohipnosiscopcv.es\/wordpress\/wp-json\/wp\/v2\/pages\/132\/revisions\/2320"}],"up":[{"embeddable":true,"href":"https:\/\/www.grupohipnosiscopcv.es\/wordpress\/wp-json\/wp\/v2\/pages\/27"}],"wp:attachment":[{"href":"https:\/\/www.grupohipnosiscopcv.es\/wordpress\/wp-json\/wp\/v2\/media?parent=132"}],"wp:term":[{"taxonomy":"category","embeddable":true,"href":"https:\/\/www.grupohipnosiscopcv.es\/wordpress\/wp-json\/wp\/v2\/categories?post=132"},{"taxonomy":"post_tag","embeddable":true,"href":"https:\/\/www.grupohipnosiscopcv.es\/wordpress\/wp-json\/wp\/v2\/tags?post=132"}],"curies":[{"name":"wp","href":"https:\/\/api.w.org\/{rel}","templated":true}]}}