{"id":1317,"date":"2011-10-23T01:17:47","date_gmt":"2011-10-23T00:17:47","guid":{"rendered":"http:\/\/www.grupohipnosiscopcv.es\/wordpress\/?page_id=1317"},"modified":"2012-01-18T09:21:21","modified_gmt":"2012-01-18T08:21:21","slug":"hernandez-gonzalez-rita","status":"publish","type":"page","link":"https:\/\/www.grupohipnosiscopcv.es\/wordpress\/informacion-para-usuarios\/profesionales-cualificados\/hernandez-gonzalez-rita\/","title":{"rendered":"Hern\u00e1ndez Gonz\u00e1lez, Rita"},"content":{"rendered":"<div>\n<p><strong>Titulaci\u00f3n universitaria:<\/strong><\/p>\n<p>Licenciada en Psicolog\u00eda.<\/p>\n<p><strong>Colegiado:<\/strong><\/p>\n<p>Colegio Oficial de Navarra: N-00651<\/p>\n<p><strong>Titulaci\u00f3n o estudios de hipnosis:<\/strong><\/p>\n<p>Especialista Universitario en Hipnosis Cl\u00ednica (UNED).<\/p>\n<p><strong>Temas que trata:<\/strong><\/p>\n<p>Adicciones, trastornos del sue\u00f1o, ansiedad, fobias, depresi\u00f3n, \u00a0obsesiones, trastornos de alimentaci\u00f3n, trastorno psicosom\u00e1tico\u2026<\/p>\n<p><strong>Datos de contacto:<\/strong><\/p>\n<p>Merindad de Sang\u00fcesa, N\u00ba 5. Of.10 31610 Burlada (Navarra)<\/p>\n<p>Tel\u00e9fonos: 948 146565 \/ 680576121<\/p>\n<p><strong>Otros datos:<\/strong><\/p>\n<p>E-mail:\u00a0ritahdez@cop.es<\/p>\n<\/div>\n","protected":false},"excerpt":{"rendered":"<p>Titulaci\u00f3n universitaria: Licenciada en Psicolog\u00eda. Colegiado: Colegio Oficial de Navarra: N-00651 Titulaci\u00f3n o estudios de hipnosis: Especialista Universitario en Hipnosis Cl\u00ednica (UNED). Temas que trata: Adicciones, trastornos del sue\u00f1o, ansiedad, fobias, depresi\u00f3n, \u00a0obsesiones, trastornos de alimentaci\u00f3n, trastorno psicosom\u00e1tico\u2026 Datos de contacto: Merindad de Sang\u00fcesa, N\u00ba 5. Of.10 31610 Burlada (Navarra) Tel\u00e9fonos: 948 146565 \/ 680576121 &hellip;<\/p>\n","protected":false},"author":12,"featured_media":0,"parent":38,"menu_order":30,"comment_status":"closed","ping_status":"closed","template":"","meta":{"footnotes":""},"categories":[],"tags":[],"class_list":["post-1317","page","type-page","status-publish","hentry"],"_links":{"self":[{"href":"https:\/\/www.grupohipnosiscopcv.es\/wordpress\/wp-json\/wp\/v2\/pages\/1317","targetHints":{"allow":["GET"]}}],"collection":[{"href":"https:\/\/www.grupohipnosiscopcv.es\/wordpress\/wp-json\/wp\/v2\/pages"}],"about":[{"href":"https:\/\/www.grupohipnosiscopcv.es\/wordpress\/wp-json\/wp\/v2\/types\/page"}],"author":[{"embeddable":true,"href":"https:\/\/www.grupohipnosiscopcv.es\/wordpress\/wp-json\/wp\/v2\/users\/12"}],"replies":[{"embeddable":true,"href":"https:\/\/www.grupohipnosiscopcv.es\/wordpress\/wp-json\/wp\/v2\/comments?post=1317"}],"version-history":[{"count":2,"href":"https:\/\/www.grupohipnosiscopcv.es\/wordpress\/wp-json\/wp\/v2\/pages\/1317\/revisions"}],"predecessor-version":[{"id":1386,"href":"https:\/\/www.grupohipnosiscopcv.es\/wordpress\/wp-json\/wp\/v2\/pages\/1317\/revisions\/1386"}],"up":[{"embeddable":true,"href":"https:\/\/www.grupohipnosiscopcv.es\/wordpress\/wp-json\/wp\/v2\/pages\/38"}],"wp:attachment":[{"href":"https:\/\/www.grupohipnosiscopcv.es\/wordpress\/wp-json\/wp\/v2\/media?parent=1317"}],"wp:term":[{"taxonomy":"category","embeddable":true,"href":"https:\/\/www.grupohipnosiscopcv.es\/wordpress\/wp-json\/wp\/v2\/categories?post=1317"},{"taxonomy":"post_tag","embeddable":true,"href":"https:\/\/www.grupohipnosiscopcv.es\/wordpress\/wp-json\/wp\/v2\/tags?post=1317"}],"curies":[{"name":"wp","href":"https:\/\/api.w.org\/{rel}","templated":true}]}}