{"id":130,"date":"2010-02-27T22:27:16","date_gmt":"2010-02-27T21:27:16","guid":{"rendered":"http:\/\/www.grupohipnosiscopcv.es\/wordpress\/opinion\/"},"modified":"2010-03-07T14:16:56","modified_gmt":"2010-03-07T13:16:56","slug":"opinion","status":"publish","type":"page","link":"https:\/\/www.grupohipnosiscopcv.es\/wordpress\/actividades-del-grupo-de-trabajo-de-hipnosis-psicologica\/opinion\/","title":{"rendered":"Opini\u00f3n"},"content":{"rendered":"<p>En este apartado se incluir\u00e1n las opiniones que el Grupo de Trabajo de Hipnosis Psicol\u00f3gica considere oportuno realizar, as\u00ed como aquellas que se vayan recibiendo, por\u00a0<a href=\"mailto:grupohipnosis@cop.es\">correo electr\u00f3nico<\/a>, indicando s\u00f3lo las iniciales del autor (salvo autorizaci\u00f3n expresa para indicar el nombre completo).<\/p>\n<p>El Grupo de Trabajo de Hipnosis Psicol\u00f3gica no se responsabiliza de las opiniones expresadas en este apartado, que pertenecen a sus autores, salvo aquellas escritas y firmadas por el Grupo. No se publicar\u00e1n las que puedan vulnerar alguna ley o utilicen un lenguaje inadecuado.<\/p>\n<p><strong>PARA EVITAR FALSAS EXPECTATIVAS<\/strong><\/p>\n<p>En Redacci\u00f3n M\u00e9dica, con fecha 26 de abril de 2007, puede leerse la siguiente noticia:<\/p>\n<p><strong>PARA EVITAR FALSAS EXPECTATIVAS<br \/>\nEl Senado pide garant\u00edas para la divulgaci\u00f3n de avances en investigaci\u00f3n biom\u00e9dica con rigor.<\/strong><\/p>\n<p><strong>E.P. Madrid<\/strong><br \/>\nEl pleno del Senado aprob\u00f3 por unanimidad una moci\u00f3n por la que se insta al Gobierno a promover la divulgaci\u00f3n de los avances cient\u00edficos en materia de investigaci\u00f3n biom\u00e9dica, como la terapia celular y la medicina regenerativa, de manera rigurosa y sin generar falsas expectativas.<\/p>\n<p>Esta iniciativa, presentada originalmente por el PSOE para impulsar la divulgaci\u00f3n de la ciencia, fue ampliada por un texto del Grupo Catal\u00e1n (CiU), que mostr\u00f3 su preocupaci\u00f3n por las \u00abfalsas esperanzas\u00bb que generan algunas informaciones period\u00edsticas.<\/p>\n<p>La senadora nacionalista Nuria Aleixandre se refiri\u00f3 a la reciente difusi\u00f3n de los avances obtenidos por el cient\u00edfico Joan Massagu\u00e9, en materia de c\u00e1ncer de mama. Aleixandre record\u00f3 que se han identificado 18 genes relacionados con la met\u00e1stasis de este c\u00e1ncer, cuatro de ellos susceptibles de ser controlados con f\u00e1rmacos. Sin embargo, apunt\u00f3 que algunos medios de comunicaci\u00f3n \u00abdieron por hecho cuatro f\u00e1rmacos para el control del c\u00e1ncer de mama con met\u00e1stasis\u00bb. \u00abHay que promover la difusi\u00f3n de los avances con el m\u00e1ximo rigor posible, evitando su distorsi\u00f3n y la creaci\u00f3n de falsas esperanzas\u00bb, destac\u00f3.<\/p>\n<p>No s\u00e9 si estos senadores se habr\u00e1n dado una vuelta por algunas de las p\u00e1ginas web de hipn\u00f3logos legos, donde se anuncia, \u00aba bombo y platillo\u00bb, que tratan el c\u00e1ncer y el sida.<\/p>\n<p>Mientras puedan leerse cosas como la siguiente:<\/p>\n<p><strong>\u00bfSe puede ejercer en Espa\u00f1a como hipn\u00f3logo cl\u00ednico sin necesidad de ser previamente psic\u00f3logo o m\u00e9dico?<\/strong><\/p>\n<p>Efectivamente\u00a0<strong>en Espa\u00f1a se puede ejercer de hipn\u00f3logo cl\u00ednico sin necesidad de ser psic\u00f3logo o m\u00e9dico previamente <\/strong>, ya que no existe ninguna legislaci\u00f3n en el pa\u00eds que exija este extremo ni la hipnosis cl\u00ednica figura entre las especialidades de la medicina o la psicolog\u00eda en los Colegios de M\u00e9dicos o Psic\u00f3logos. Por tanto\u00a0<strong>lo recomendable es poder acreditar una formaci\u00f3n o ense\u00f1anza recibida en hipnosis <\/strong>y para ejercer, darse de alta en los correspondientes ep\u00edgrafes de \u00abprofesionales parasanitarios\u00bb en Hacienda si no se ejerce previamente ninguna profesi\u00f3n sanitaria o para-sanitaria previa.\u00a0<strong>Se puede usar por parte del interesado sin ning\u00fan problema la denominaci\u00f3n de \u00abhipn\u00f3logo cl\u00ednico\u00bb <\/strong>. En la Uni\u00f3n Europea sucede lo mismo, excepto en el Reino Unido, que cuenta con una legislaci\u00f3n espec\u00edfica para el ejercicio de la hipnosis. En el resto de pa\u00edses debe consultar la legislaci\u00f3n pertinente. En general, en America Latina tampoco existe la exigencia de ser M\u00e9dico o Psic\u00f3logo para ejercer la hipnosis.<\/p>\n<p>Algo que, en principio, con las leyes vigentes, es cierto, aunque deber\u00eda de aclararse que esos \u00abhipn\u00f3logos cl\u00ednicos\u00bb pueden incurrir en intrusismo profesional si se dedican a realizar\u00a0tratamientos que deber\u00edan de ser llevados por un m\u00e9dico o por un psic\u00f3logo. Mientras esto no cambie, la hipnosis es una t\u00e9cnica que, debido a sus mitos, permite que algunos vividores (hay otros que simplemente se dedican a ello porque creen que pueden ayudar a la gente) consigan sus prop\u00f3sitos de enriquecerse a costa de la credulidad de la gente y gracias al aval que estos individuos reciben por parte de los psic\u00f3logos o m\u00e9dicos que se suben al carro de la popularidad que tienen, en ocasiones incluso creado\u00a0sociedades, apoyadas por otras sociedades (de la misma seriedad y rigor cient\u00edfico) en otros lugares del mundo, y promocionados por los medios de comunicaci\u00f3n por ser mucho m\u00e1s espectacular lo que estos individuos dicen\u00a0(por lo tanto vende m\u00e1s en los medios) que lo que dice cualquier profesional serio.<\/p>\n<p>Hay curanderos que viven de ello y sus curaciones no creo que lleguen ni siquiera a lo esperado por el \u00abefecto placebo\u00bb, los hipn\u00f3logos legos vividores, saben que donde vayan pueden organizar un espect\u00e1culo con la hipnosis\u00a0y eso, por los mitos y el morbo de la gente, consigue que se les abran las puertas de las televisiones, la prensa, la radio&#8230; Adem\u00e1s, como podemos ver en alguna p\u00e1gina web, se revisten de mucha seriedad, aparente, incluso apareciendo en fotograf\u00edas con batas blancas y fonendoscopio para parecer personal sanitario (el h\u00e1bito no hace al monje, pero un monje sin h\u00e1bito no parece monje).<\/p>\n<p>Estos individuos tienen bastante \u00e9xito en los medios de comunicaci\u00f3n, aunque lo que digan, en muchas ocasiones, no tenga ning\u00fan fundamento cient\u00edfico ni racional. Es como si a la gente le gustase o\u00edr lo que quiere o\u00edr, aunque la enga\u00f1en y le saquen el dinero, \u00a0por ello, lo extraordinario, lo m\u00e1gico&#8230; arrastra a muchos incautos y eso permite que esos sujetos (hipn\u00f3logos legos, brujos, adivinos, etc.) consigan la suficiente clientela como para poder vivir desahogadamente.<\/p>\n<p>Tambi\u00e9n habr\u00eda que cuestionarse si est\u00e1n enga\u00f1ando a la gente, o se creen lo que dicen, amparados por las leyes, bastante laxas en este asunto, supongo que habr\u00e1 de todo. Lo que me parece alarmante es el apoyo de algunos m\u00e9dicos y psic\u00f3logos a estos individuos y sociedades, algo\u00a0que los Colegios Oficiales\u00a0tendr\u00edan que vigilar.<\/p>\n<p>L.A. (10-05-2007)<\/p>\n<p><strong>Aviso:<\/strong> Con fecha 26-03-2008 se han eliminado el nombre de una sociedad y dos links, que incluy\u00f3 el autor de esta opini\u00f3n que recibimos en la fecha indicada arriba, puesto que enlazaban con p\u00e1ginas webs que, siendo consecuentes con las acreditaciones de calidad que nos han concedido, no podemos promocionar.<\/p>\n<p><strong>INVESTIGACI\u00d3N SOBRE HIPNOSIS Y ASMA BRONQUIAL<\/strong><\/p>\n<p>Vamos a comentar la investigaci\u00f3n que lleva por t\u00edtulo \u201cLa hipnosis como alternativa terap\u00e9utica en pacientes con asma bronquial\u201d, realizada por la Dra. Olivia Arletty Sandoval Shaik, en la Universidad de Panam\u00e1, que puede localizarse en los siguientes enlaces:<\/p>\n<p><a href=\"http:\/\/www.universopsi.com.br\/bronquial.pdf\">http:\/\/www.universopsi.com.br\/bronquial.pdf<\/a><\/p>\n<p><a href=\"http:\/\/www.psicocentro.com\/cgi-bin\/articulo_s.asp?texto=art26003\">http:\/\/www.psicocentro.com\/cgi-bin\/articulo_s.asp?texto=art26003<\/a><\/p>\n<p>En primer lugar, la hipnosis es muy \u00fatil para el asma, aunque no para mejorar todas sus facetas, como ya est\u00e1 reflejado en nuestra p\u00e1gina web (<a href=\"http:\/\/www.grupohipnosiscopcv.es\/areas.htm\">http:\/\/www.grupohipnosiscopcv.es\/areas.htm<\/a>):<\/p>\n<p><strong>Brown (2007), tras revisar la evidencia disponible, indica que la hipnosis es:<\/strong><\/p>\n<table border=\"0\" cellspacing=\"0\" cellpadding=\"0\" width=\"100%\">\n<tbody>\n<tr>\n<td width=\"42\" valign=\"baseline\"><\/td>\n<td width=\"100%\" valign=\"top\"><strong>Posiblemente eficaz para la severidad de los s\u00edntomas del asma.<\/strong><\/td>\n<\/tr>\n<tr>\n<td width=\"42\" valign=\"baseline\"><\/td>\n<td width=\"100%\" valign=\"top\"><strong>Eficaz para manejar los estados emocionales que exacerban la obstrucci\u00f3n de las v\u00edas respiratorias.<\/strong><\/td>\n<\/tr>\n<tr>\n<td width=\"42\" valign=\"baseline\"><\/td>\n<td width=\"100%\" valign=\"top\"><strong>Posiblemente eficaz en la reducci\u00f3n de la obstrucci\u00f3n de las v\u00edas respiratorias y en la estabilizaci\u00f3n de la hipersensibilidad en tales v\u00edas para ciertos pacientes.<\/strong><\/td>\n<\/tr>\n<tr>\n<td width=\"42\" valign=\"baseline\"><\/td>\n<td width=\"100%\" valign=\"top\"><strong>La evidencia de la eficacia para el proceso inflamatorio del asma es insuficiente.<\/strong><\/td>\n<\/tr>\n<\/tbody>\n<\/table>\n<p><strong>Brown, D (2007). Evidence-based hypnotherapy for asthma.\u00a0<em>International Journal of Clinical and Experimental Therapy, 55, <\/em>220-249.<\/strong><\/p>\n<p>Es decir, est\u00e1n investigando algo que ya est\u00e1\u00a0 muy investigado, por lo que no a\u00f1ade una nueva informaci\u00f3n que ampl\u00ede el campo, salvo para validar culturalmente los tratamientos, aspecto este que, desgraciadamente, no parece poder determinarse con este estudio.<\/p>\n<p>En cuanto a la metodolog\u00eda de la investigaci\u00f3n, encontramos que faltan los siguientes requisitos que ser\u00edan necesarios para que una investigaci\u00f3n fuese cient\u00edficamente m\u00e1s rigurosa y permitiera sacar mejores conclusiones. Sin cumplir con estas exigencias, un estudio de ensayo cl\u00ednico como es \u00e9ste, no se puede utilizar como argumento de validez de una t\u00e9cnica:<\/p>\n<ul>\n<li>No hay grupo de control, ni siquiera de remisi\u00f3n espont\u00e1nea.<\/li>\n<li>Y por lo anterior, no se aleatoriza a los pacientes.<\/li>\n<li>No hay observadores independientes y ciegos a las hip\u00f3tesis.<\/li>\n<li>No sabemos hasta qu\u00e9 punto los pacientes conoc\u00edan las hip\u00f3tesis y si hubo presi\u00f3n contextual, etc.<\/li>\n<li>No hay ni una prueba estad\u00edstica para ver si los porcentajes pre post son significativos (por ejemplo, la prueba Z de comparaci\u00f3n de porcentajes).<\/li>\n<li>Tampoco hay seguimiento.<\/li>\n<li>No indican lo que hicieron como intervenci\u00f3n \u201chipn\u00f3tica\u201d, por ejemplo \u00bfqu\u00e9 tipo de hipnosis aplicaron?, \u00bfc\u00f3mo aplicaron la hipnosis?, \u00bfqu\u00e9 sugestiones en concreto?, etc.<\/li>\n<li>No s\u00f3lo se trat\u00f3 el asma, sino que seg\u00fan dicen:\u00a0<strong><em>\u201cEs importante resaltar que no s\u00f3lo trabajamos para disminuir la intensidad y frecuencia de las crisis asm\u00e1ticas sino que fue un tratamiento integral en donde se elevo la autoestima y as\u00ed los pacientes se sintieron mejor en todos los aspectos, por ejemplo acad\u00e9micos, relaciones interpersonales, su salud en general, por mencionar algunos\u201d<\/em><\/strong>. Y esto ya es una intervenci\u00f3n psicol\u00f3gica de mayor amplitud.<\/li>\n<li>No describen la muestra adecuadamente.<\/li>\n<li>No se diferencia correctamente una hip\u00f3tesis nula (esencialmente para contrastes estad\u00edsticos de pruebas inferenciales) de una predicci\u00f3n, ni de una hip\u00f3tesis como tal (que es la teor\u00eda que explica por qu\u00e9 se espera eso y no otra cosa).<\/li>\n<li>No comparan el grupo de hipnosis con uno solo de relajaci\u00f3n y visualizaci\u00f3n, sin sugestiones, y sin rotularlo como hipnosis (componentes incluidos en las t\u00e9cnicas tradicionales de hipnosis en general, que puede rivalizar con la hipnosis a la hora de entender estos resultados), y no digamos con un grupo de instrucciones motivacionales hacia la tarea.<\/li>\n<li>No eval\u00faan la sugestionabilidad hipn\u00f3tica de los pacientes.<\/li>\n<\/ul>\n<p>Por todo ello, en nuestra opini\u00f3n, se trata del t\u00edpico estudio con una ligera utilidad heur\u00edstica (ya que no es innovador porque se han hecho otros antes y con mayor rigor), y de baja, casi nula, validez como estudio confirmatorio.<\/p>\n<p>No dudamos de la buena voluntad de quien lo ha realizado, y su esfuerzo, lo que alabamos profundamente, pero consideramos que este tipo de estudios no benefician en absoluto la difusi\u00f3n de la hipnosis cl\u00ednica en el \u00e1mbito cient\u00edfico, que se caracteriza por el rigor en la metodolog\u00eda y control de variables extra\u00f1as.<\/p>\n<p>Grupo de Trabajo de Hipnosis Psicol\u00f3gica (20-01-2008)<\/p>\n","protected":false},"excerpt":{"rendered":"<p>En este apartado se incluir\u00e1n las opiniones que el Grupo de Trabajo de Hipnosis Psicol\u00f3gica considere oportuno realizar, as\u00ed como aquellas que se vayan recibiendo, por\u00a0correo electr\u00f3nico, indicando s\u00f3lo las iniciales del autor (salvo autorizaci\u00f3n expresa para indicar el nombre completo). El Grupo de Trabajo de Hipnosis Psicol\u00f3gica no se responsabiliza de las opiniones expresadas &hellip;<\/p>\n","protected":false},"author":12,"featured_media":0,"parent":89,"menu_order":7,"comment_status":"closed","ping_status":"closed","template":"","meta":{"footnotes":""},"categories":[10],"tags":[],"class_list":["post-130","page","type-page","status-publish","hentry","category-noticias"],"_links":{"self":[{"href":"https:\/\/www.grupohipnosiscopcv.es\/wordpress\/wp-json\/wp\/v2\/pages\/130","targetHints":{"allow":["GET"]}}],"collection":[{"href":"https:\/\/www.grupohipnosiscopcv.es\/wordpress\/wp-json\/wp\/v2\/pages"}],"about":[{"href":"https:\/\/www.grupohipnosiscopcv.es\/wordpress\/wp-json\/wp\/v2\/types\/page"}],"author":[{"embeddable":true,"href":"https:\/\/www.grupohipnosiscopcv.es\/wordpress\/wp-json\/wp\/v2\/users\/12"}],"replies":[{"embeddable":true,"href":"https:\/\/www.grupohipnosiscopcv.es\/wordpress\/wp-json\/wp\/v2\/comments?post=130"}],"version-history":[{"count":3,"href":"https:\/\/www.grupohipnosiscopcv.es\/wordpress\/wp-json\/wp\/v2\/pages\/130\/revisions"}],"predecessor-version":[{"id":267,"href":"https:\/\/www.grupohipnosiscopcv.es\/wordpress\/wp-json\/wp\/v2\/pages\/130\/revisions\/267"}],"up":[{"embeddable":true,"href":"https:\/\/www.grupohipnosiscopcv.es\/wordpress\/wp-json\/wp\/v2\/pages\/89"}],"wp:attachment":[{"href":"https:\/\/www.grupohipnosiscopcv.es\/wordpress\/wp-json\/wp\/v2\/media?parent=130"}],"wp:term":[{"taxonomy":"category","embeddable":true,"href":"https:\/\/www.grupohipnosiscopcv.es\/wordpress\/wp-json\/wp\/v2\/categories?post=130"},{"taxonomy":"post_tag","embeddable":true,"href":"https:\/\/www.grupohipnosiscopcv.es\/wordpress\/wp-json\/wp\/v2\/tags?post=130"}],"curies":[{"name":"wp","href":"https:\/\/api.w.org\/{rel}","templated":true}]}}