{"id":1277,"date":"2011-04-14T00:15:46","date_gmt":"2011-04-13T23:15:46","guid":{"rendered":"http:\/\/www.grupohipnosiscopcv.es\/wordpress\/?page_id=1277"},"modified":"2012-01-28T20:56:46","modified_gmt":"2012-01-28T19:56:46","slug":"definicion-de-intervenciones-apoyo-empirico","status":"publish","type":"page","link":"https:\/\/www.grupohipnosiscopcv.es\/wordpress\/recursos-para-profesionales\/definicion-de-intervenciones-apoyo-empirico\/","title":{"rendered":"Definici\u00f3n de intervenciones con apoyo emp\u00edrico"},"content":{"rendered":"<p>SEG\u00daN CHAMBLESS Y HOLLON (1998), UN TRATAMIENTO SER\u00c1 UNA INTERVENCI\u00d3N CON APOYO EMP\u00cdRICO CUANDO:<\/p>\n<ul>\n<li>Se le haya comparado con un grupo de control, tratamiento alternativo o placebo en:\n<ul>\n<li>una prueba de control aleatorizada, un experimento de caso \u00fanico controlado, o el equivalente dise\u00f1o de muestras temporales, y<\/li>\n<li>en el que el tratamiento con apoyo emp\u00edrico sea\u00a0 superior, y\u00a0 estad\u00edsticamente significativo, a un grupo de no-tratamiento, o tratamiento alternativo, o que sea equivalente a un tratamiento que ya se haya establecido como eficaz, y que la potencia sea suficiente para detectar diferencias moderadas.<\/li>\n<\/ul>\n<\/li>\n<li>Tales estudios:\n<ul>\n<li>se hayan realizado con un manual de tratamiento o su equivalente l\u00f3gico;<\/li>\n<li>se hayan delineado de una forma v\u00e1lida y fiable, criterios de inclusi\u00f3n para una poblaci\u00f3n tratada con problemas espec\u00edficos;<\/li>\n<li>se hayan realizado con medidas de evaluaci\u00f3n del resultado fiables y v\u00e1lidas, que, al menos, se refieran a los problemas establecidos como metas de cambio;<\/li>\n<li>se hayan realizado con an\u00e1lisis de datos apropiados.<\/li>\n<\/ul>\n<\/li>\n<li><strong>Para que se le designe como eficaz:<\/strong> la superioridad del tratamiento con apoyo emp\u00edrico se debe haber mostrado, al menos, en dos entornos de investigaci\u00f3n independientes (con un tama\u00f1o de tres o m\u00e1s en cada sitio en el caso de experimentos de caso \u00fanico). Si existiese evidencia contradictoria, la preponderancia de datos bien controlados debe apoyar la eficacia del tratamiento con apoyo emp\u00edrico.<\/li>\n<li><strong>Para que se le designe como probablemente eficaz:<\/strong> un estudio (tama\u00f1o de la muestra de tres o m\u00e1s en caso de experimentos de caso \u00fanico) es suficiente en ausencia de evidencia contradictoria.<\/li>\n<li><strong>Para que se le designe como eficaz y espec\u00edfico:<\/strong> el tratamiento con apoyo emp\u00edrico debe haber mostrado ser estad\u00edsticamente superior a una pastilla placebo o a un placebo psicol\u00f3gico, o a un tratamiento alternativo bona fide, al menos en dos entornos de investigaci\u00f3n independientes. Si existiera evidencia contradictoria, la preponderancia de los datos bien controlados debe apoyar la eficacia y especificidad del tratamiento bien establecido.<\/li>\n<\/ul>\n<p>Fuente:\u00a0<span style=\"font-family: 'Trebuchet MS';\"><a name=\"[5]Chambless, D.L., &amp; Hollon, S.D. (1998)\">Chambless, D.L., &amp;\u00a0Hollon\u00a0,\u00a0S.D.\u00a0(1998)<\/a>. Defining empirically supported therapies. <\/span><em><span style=\"font-family: 'Trebuchet MS';\">Journal of Consulting and Clinical Psychology, 66,<\/span><\/em><span style=\"font-family: 'Trebuchet MS';\"> 7-18<\/span><\/p>\n","protected":false},"excerpt":{"rendered":"<p>SEG\u00daN CHAMBLESS Y HOLLON (1998), UN TRATAMIENTO SER\u00c1 UNA INTERVENCI\u00d3N CON APOYO EMP\u00cdRICO CUANDO: Se le haya comparado con un grupo de control, tratamiento alternativo o placebo en: una prueba de control aleatorizada, un experimento de caso \u00fanico controlado, o el equivalente dise\u00f1o de muestras temporales, y en el que el tratamiento con apoyo emp\u00edrico &hellip;<\/p>\n","protected":false},"author":12,"featured_media":0,"parent":29,"menu_order":7,"comment_status":"closed","ping_status":"closed","template":"","meta":{"footnotes":""},"categories":[],"tags":[],"class_list":["post-1277","page","type-page","status-publish","hentry"],"_links":{"self":[{"href":"https:\/\/www.grupohipnosiscopcv.es\/wordpress\/wp-json\/wp\/v2\/pages\/1277","targetHints":{"allow":["GET"]}}],"collection":[{"href":"https:\/\/www.grupohipnosiscopcv.es\/wordpress\/wp-json\/wp\/v2\/pages"}],"about":[{"href":"https:\/\/www.grupohipnosiscopcv.es\/wordpress\/wp-json\/wp\/v2\/types\/page"}],"author":[{"embeddable":true,"href":"https:\/\/www.grupohipnosiscopcv.es\/wordpress\/wp-json\/wp\/v2\/users\/12"}],"replies":[{"embeddable":true,"href":"https:\/\/www.grupohipnosiscopcv.es\/wordpress\/wp-json\/wp\/v2\/comments?post=1277"}],"version-history":[{"count":10,"href":"https:\/\/www.grupohipnosiscopcv.es\/wordpress\/wp-json\/wp\/v2\/pages\/1277\/revisions"}],"predecessor-version":[{"id":1521,"href":"https:\/\/www.grupohipnosiscopcv.es\/wordpress\/wp-json\/wp\/v2\/pages\/1277\/revisions\/1521"}],"up":[{"embeddable":true,"href":"https:\/\/www.grupohipnosiscopcv.es\/wordpress\/wp-json\/wp\/v2\/pages\/29"}],"wp:attachment":[{"href":"https:\/\/www.grupohipnosiscopcv.es\/wordpress\/wp-json\/wp\/v2\/media?parent=1277"}],"wp:term":[{"taxonomy":"category","embeddable":true,"href":"https:\/\/www.grupohipnosiscopcv.es\/wordpress\/wp-json\/wp\/v2\/categories?post=1277"},{"taxonomy":"post_tag","embeddable":true,"href":"https:\/\/www.grupohipnosiscopcv.es\/wordpress\/wp-json\/wp\/v2\/tags?post=1277"}],"curies":[{"name":"wp","href":"https:\/\/api.w.org\/{rel}","templated":true}]}}