{"id":1085,"date":"2011-01-25T10:46:04","date_gmt":"2011-01-25T09:46:04","guid":{"rendered":"http:\/\/www.grupohipnosiscopcv.es\/wordpress\/"},"modified":"2011-01-25T10:51:28","modified_gmt":"2011-01-25T09:51:28","slug":"fernandes-carneiro-antonio-carlos","status":"publish","type":"page","link":"https:\/\/www.grupohipnosiscopcv.es\/wordpress\/em-portugues\/fernandes-carneiro-antonio-carlos\/","title":{"rendered":"Fernandes Carneiro, Ant\u00f3nio Carlos"},"content":{"rendered":"<p><strong>Titula\u00e7\u00e3o universitaria:<\/strong><\/p>\n<p>Licenciatura en Psicologia Cl\u00ednica<\/p>\n<p><strong>Colegiado:<\/strong><\/p>\n<p>Instituto Superior Ci\u00eancias da Sa\u00fade \u2013 Norte (CESPU)<\/p>\n<p><strong>Titula\u00e7\u00e3o ou estudos de hipnose:<\/strong><\/p>\n<p>Curso de Introdu\u00e7\u00e3o \u00e0 Hipnose Cl\u00ednica: M\u00e9todos e Aplica\u00e7\u00f5es (2005), mais 24 horas no Mestrado Psicologia da Dor (2008) e Investiga\u00e7\u00e3o com a EVCAH \u2013 C (2009)<\/p>\n<p><strong>Temas que trata:<\/strong><\/p>\n<p>Pacientes com transtornos\/disturbios Psicol\u00f3gicos e de dor (Crian\u00e7as e Idosos); Formador de cursos para adultos (ex.: Jogos Pedag\u00f3gicos e din\u00e1micas de grupo e Forma\u00e7\u00e3o Pedag\u00f3gica inicial de Formadores)<\/p>\n<p><strong>Datos para contato:<\/strong><\/p>\n<p>Telm: 93 419 9080; 22 444 40 85 (Trabalho).<br \/>\nEmail: carloscarneiropsi@gmail.com<br \/>\nRua S\u00e3o Saturnino, n\u00ba 117, 4580 \u2013 555 Lordelo &#8211; Paredes<\/p>\n","protected":false},"excerpt":{"rendered":"<p>Titula\u00e7\u00e3o universitaria: Licenciatura en Psicologia Cl\u00ednica Colegiado: Instituto Superior Ci\u00eancias da Sa\u00fade \u2013 Norte (CESPU) Titula\u00e7\u00e3o ou estudos de hipnose: Curso de Introdu\u00e7\u00e3o \u00e0 Hipnose Cl\u00ednica: M\u00e9todos e Aplica\u00e7\u00f5es (2005), mais 24 horas no Mestrado Psicologia da Dor (2008) e Investiga\u00e7\u00e3o com a EVCAH \u2013 C (2009) Temas que trata: Pacientes com transtornos\/disturbios Psicol\u00f3gicos e &hellip;<\/p>\n","protected":false},"author":12,"featured_media":0,"parent":44,"menu_order":5,"comment_status":"closed","ping_status":"closed","template":"","meta":{"footnotes":""},"categories":[],"tags":[],"class_list":["post-1085","page","type-page","status-publish","hentry"],"_links":{"self":[{"href":"https:\/\/www.grupohipnosiscopcv.es\/wordpress\/wp-json\/wp\/v2\/pages\/1085","targetHints":{"allow":["GET"]}}],"collection":[{"href":"https:\/\/www.grupohipnosiscopcv.es\/wordpress\/wp-json\/wp\/v2\/pages"}],"about":[{"href":"https:\/\/www.grupohipnosiscopcv.es\/wordpress\/wp-json\/wp\/v2\/types\/page"}],"author":[{"embeddable":true,"href":"https:\/\/www.grupohipnosiscopcv.es\/wordpress\/wp-json\/wp\/v2\/users\/12"}],"replies":[{"embeddable":true,"href":"https:\/\/www.grupohipnosiscopcv.es\/wordpress\/wp-json\/wp\/v2\/comments?post=1085"}],"version-history":[{"count":2,"href":"https:\/\/www.grupohipnosiscopcv.es\/wordpress\/wp-json\/wp\/v2\/pages\/1085\/revisions"}],"predecessor-version":[{"id":1089,"href":"https:\/\/www.grupohipnosiscopcv.es\/wordpress\/wp-json\/wp\/v2\/pages\/1085\/revisions\/1089"}],"up":[{"embeddable":true,"href":"https:\/\/www.grupohipnosiscopcv.es\/wordpress\/wp-json\/wp\/v2\/pages\/44"}],"wp:attachment":[{"href":"https:\/\/www.grupohipnosiscopcv.es\/wordpress\/wp-json\/wp\/v2\/media?parent=1085"}],"wp:term":[{"taxonomy":"category","embeddable":true,"href":"https:\/\/www.grupohipnosiscopcv.es\/wordpress\/wp-json\/wp\/v2\/categories?post=1085"},{"taxonomy":"post_tag","embeddable":true,"href":"https:\/\/www.grupohipnosiscopcv.es\/wordpress\/wp-json\/wp\/v2\/tags?post=1085"}],"curies":[{"name":"wp","href":"https:\/\/api.w.org\/{rel}","templated":true}]}}