{"id":107,"date":"2010-01-20T19:25:11","date_gmt":"2010-01-20T18:25:11","guid":{"rendered":"http:\/\/www.grupohipnosiscopcv.es\/wordpress\/?page_id=107"},"modified":"2020-08-26T19:11:54","modified_gmt":"2020-08-26T18:11:54","slug":"objetivos","status":"publish","type":"page","link":"https:\/\/www.grupohipnosiscopcv.es\/wordpress\/acerca-de\/objetivos\/","title":{"rendered":"Objetivos"},"content":{"rendered":"<p>Estos son los objetivos principales del Grupo de Trabajo de Hipnosis Psicol\u00f3gica del Colegio Oficial de Psic\u00f3logos de la Comunidad Valenciana (GTHPCOPCV):<\/p>\n<p>&nbsp;<\/p>\n<ul>\n<li>Fomentar el conocimiento de la hipnosis cient\u00edfica entre los profesionales de la Psicolog\u00eda y la sociedad en general.<\/li>\n<li>Velar por el uso adecuado y cient\u00edficamente sustentado de la hipnosis en las distintas \u00e1reas de la Psicolog\u00eda, denunciando, en la medida de su conocimiento, el fraude e intrusismo que pueda darse a trav\u00e9s de la hipnosis en nuestra profesi\u00f3n.<\/li>\n<li>Fomentar la formaci\u00f3n en el campo de la hipnosis cient\u00edfica que garantice un correcto uso profesional de la hipnosis por parte de los psic\u00f3logos.<\/li>\n<li>Coordinarse con otros grupos, sociedades y colegios profesionales que muestren un inter\u00e9s en la hipnosis cient\u00edfica, para mejorar el uso, la difusi\u00f3n, y la aplicaci\u00f3n de la hipnosis cient\u00edfica en todos sus \u00e1mbitos.<\/li>\n<\/ul>\n<p>&nbsp;<\/p>\n<p>&nbsp;<\/p>\n<p>Estos objetivos cobran una especial relevancia en un momento en el que, a trav\u00e9s de la hipnosis, se est\u00e1n llevando a cabo pr\u00e1cticas por parte de personas ajenas a la Psicolog\u00eda (denominadas en otros pa\u00edses, hipnotizadores legos), con una peligrosa iatrogenia como son las regresiones hipn\u00f3ticas, bien a vidas pasadas, bien para recuperar recuerdos (falsos) de abusos sexuales en la infancia, pr\u00e1cticas que vulneran los art\u00edculos 6\u00ba, 7\u00ba, 11\u00ba y 18\u00ba de nuestro C\u00f3digo Deontol\u00f3gico. As\u00ed mismo, nuestra labor dificultar\u00eda la profusi\u00f3n de supuestos profesionales de la psicoterapia que se anuncian como hipnoterapeutas, que adem\u00e1s de realizar un claro intrusismo en nuestro campo profesional, perjudican seriamente la imagen de la hipnosis cient\u00edfica, y las aplicaciones eficaces que de ella se derivan, vulnerando el art\u00edculo 14\u00ba de nuestro C\u00f3digo Deontol\u00f3gico. Finalmente, nuestros objetivos ayudar\u00edan a mermar el impacto que los medios de comunicaci\u00f3n suelen tener sobre otros profesionales de la Psicolog\u00eda y la sociedad en general, mediante programas televisivos con hipnosis de espect\u00e1culo, o noticias alarmistas basadas en supuestos claramente disconfirmados por la investigaci\u00f3n experimental sobre la hipnosis. Por el contrario, el \u00e9nfasis en una formaci\u00f3n cient\u00edfica en el campo de la hipnosis, y su difusi\u00f3n en los medios de comunicaci\u00f3n ayudar\u00eda a mejorar nuestra pr\u00e1ctica profesional, y a diseminar adecuadamente un \u00e1rea importante de la actividad del psic\u00f3logo.<\/p>\n","protected":false},"excerpt":{"rendered":"<p>Estos son los objetivos principales del Grupo de Trabajo de Hipnosis Psicol\u00f3gica del Colegio Oficial de Psic\u00f3logos de la Comunidad Valenciana (GTHPCOPCV): &nbsp; Fomentar el conocimiento de la hipnosis cient\u00edfica entre los profesionales de la Psicolog\u00eda y la sociedad en general. Velar por el uso adecuado y cient\u00edficamente sustentado de la hipnosis en las distintas &hellip;<\/p>\n","protected":false},"author":12,"featured_media":0,"parent":2,"menu_order":2,"comment_status":"closed","ping_status":"closed","template":"","meta":{"footnotes":""},"categories":[123],"tags":[],"class_list":["post-107","page","type-page","status-publish","hentry","category-actividad"],"_links":{"self":[{"href":"https:\/\/www.grupohipnosiscopcv.es\/wordpress\/wp-json\/wp\/v2\/pages\/107","targetHints":{"allow":["GET"]}}],"collection":[{"href":"https:\/\/www.grupohipnosiscopcv.es\/wordpress\/wp-json\/wp\/v2\/pages"}],"about":[{"href":"https:\/\/www.grupohipnosiscopcv.es\/wordpress\/wp-json\/wp\/v2\/types\/page"}],"author":[{"embeddable":true,"href":"https:\/\/www.grupohipnosiscopcv.es\/wordpress\/wp-json\/wp\/v2\/users\/12"}],"replies":[{"embeddable":true,"href":"https:\/\/www.grupohipnosiscopcv.es\/wordpress\/wp-json\/wp\/v2\/comments?post=107"}],"version-history":[{"count":5,"href":"https:\/\/www.grupohipnosiscopcv.es\/wordpress\/wp-json\/wp\/v2\/pages\/107\/revisions"}],"predecessor-version":[{"id":2618,"href":"https:\/\/www.grupohipnosiscopcv.es\/wordpress\/wp-json\/wp\/v2\/pages\/107\/revisions\/2618"}],"up":[{"embeddable":true,"href":"https:\/\/www.grupohipnosiscopcv.es\/wordpress\/wp-json\/wp\/v2\/pages\/2"}],"wp:attachment":[{"href":"https:\/\/www.grupohipnosiscopcv.es\/wordpress\/wp-json\/wp\/v2\/media?parent=107"}],"wp:term":[{"taxonomy":"category","embeddable":true,"href":"https:\/\/www.grupohipnosiscopcv.es\/wordpress\/wp-json\/wp\/v2\/categories?post=107"},{"taxonomy":"post_tag","embeddable":true,"href":"https:\/\/www.grupohipnosiscopcv.es\/wordpress\/wp-json\/wp\/v2\/tags?post=107"}],"curies":[{"name":"wp","href":"https:\/\/api.w.org\/{rel}","templated":true}]}}