{"id":1050,"date":"2011-01-20T11:43:04","date_gmt":"2011-01-20T10:43:04","guid":{"rendered":"http:\/\/www.grupohipnosiscopcv.es\/wordpress\/"},"modified":"2015-08-07T16:56:45","modified_gmt":"2015-08-07T15:56:45","slug":"codigo-etico","status":"publish","type":"page","link":"https:\/\/www.grupohipnosiscopcv.es\/wordpress\/codigo-etico\/","title":{"rendered":"C\u00f3digo \u00e9tico de la ISH"},"content":{"rendered":"<p style=\"text-align: justify;\">C\u00f3digo \u00e9tico de la International Society of Hypnosis (ISH), traducido al castellano por el Grupo de Trabajo de Hipnosis Psicol\u00f3gica del COP-CV, en colaboraci\u00f3n con la Dra. Elena Mendoza.<\/p>\n<p>Esta traducci\u00f3n ha sido aprobada por la ISH.<\/p>\n<p><a href=\"http:\/\/www.grupohipnosiscopcv.es\/wordpress\/public\/CODIGO-ETICO-ISH.pdf\">Descargar en pdf<\/a>.<\/p>\n<p style=\"text-align: center;\">C\u00d3DIGO \u00c9TICO DE LA SOCIEDAD INTERNACIONAL DE HIPNOSIS<\/p>\n<p style=\"text-align: justify;\">La Sociedad Internacional de Hipnosis (ISH por sus siglas en ingl\u00e9s) se dedica a promover y mantener los m\u00e1s altos est\u00e1ndares en la pr\u00e1ctica de la hipnosis, ya sea con prop\u00f3sitos cl\u00ednicos o experimentales, y a la difusi\u00f3n de informaci\u00f3n referente a la hipnosis.<\/p>\n<p style=\"text-align: justify;\"><strong>1. Conducta profesional con pacientes o sujetos experimentales.<\/strong><\/p>\n<p style=\"text-align: justify;\">1.1 Todos los miembros de la ISH ser\u00e1n profesionales titulados, y cuando utilicen la hipnosis se adherir\u00e1n estrictamente a los est\u00e1ndares requeridos por sus propias profesiones.<\/p>\n<p style=\"text-align: justify;\">\n<p style=\"text-align: justify;\">1.2 Cuando empleen la hipnosis, los miembros de la ISH tendr\u00e1n como prioridad el bienestar del cliente o sujeto experimental.<\/p>\n<p style=\"text-align: justify;\">\n<p style=\"text-align: justify;\">1.3 Se tomar\u00e1n las precauciones apropiadas cuando un paciente o sujeto sea expuesto a un estr\u00e9s inusual u otra forma de riesgo. Si el procedimiento conlleva estr\u00e9s u otra forma de riesgo, el paciente o sujeto debe ser previamente informado y debe dar su consentimiento. De existir dudas, el profesional consultar\u00e1 con colegas profesionales adecuados.<\/p>\n<p style=\"text-align: justify;\">\n<p style=\"text-align: justify;\"><strong>2. Aplicaciones de la hipnosis al trabajo profesional.<\/strong><\/p>\n<p style=\"text-align: justify;\">\n<p style=\"text-align: justify;\">2.1 Se aconseja a los miembros de la ISH que pretendan emplear la hipnosis para cualquier prop\u00f3sito, que se formen si no lo han hecho previamente, en un curso de formaci\u00f3n organizado por una de las diferentes sociedades constituyentes de la ISH.<\/p>\n<p style=\"text-align: justify;\">2.2 Los miembros de la ISH tendr\u00e1n presente en todo momento el acuerdo que han firmado de usar la hipnosis s\u00f3lo para los prop\u00f3sitos para los que est\u00e1n profesionalmente cualificados y dentro de las limitaciones estrictas de su trabajo profesional. Esto implica que aquellos miembros que empleen la hipnosis para prop\u00f3sitos terap\u00e9uticos deben haber recibido, o estar recibiendo, una cualificaci\u00f3n profesional en esa terapia, que habr\u00e1 de estar reconocida por las autoridades de Salud, Servicios Sociales o Educaci\u00f3n de su pa\u00eds.<\/p>\n<p style=\"text-align: justify;\">2.3\u00a0 El empleo de la hipnosis por parte de un miembro de la ISH deber\u00e1 ser totalmente compatible con las competencias de su trabajo, y las expectativas de sus superiores, empleadores y colegio profesional.<\/p>\n<p style=\"text-align: justify;\">\n<p style=\"text-align: justify;\"><strong>3. El compromiso de la consulta privada.<\/strong><\/p>\n<p style=\"text-align: justify;\">3.1 Es posible que algunas personas se pongan en contacto con miembros de la ISH para solicitar consulta o terapia en virtud de su pertenencia a la ISH. Si un miembro de la ISH, tras ser contactado, pretende ver a una persona como paciente privado, primero deber\u00e1 asegurarse de que la persona est\u00e1 completamente informada de los servicios de que dispone tanto en el sistema sanitario p\u00fablico, como en los servicios sociales y el sistema educativo p\u00fablico.<\/p>\n<p style=\"text-align: justify;\">3.2 Los miembros de la ISH s\u00f3lo se har\u00e1n cargo de una terapia privada si \u00e9sta es compatible con las normas de su colegio profesional, y con las competencias de su trabajo. Restringir\u00e1n su trabajo privado a aquellos problemas para los que hayan sido reconocidos como propios de su \u00e1mbito de desempe\u00f1o por las autoridades de Salud, Servicios Sociales o Educaci\u00f3n de su pa\u00eds.<\/p>\n<p style=\"text-align: justify;\"><strong>4 Hipnosis y personas legas.<\/strong><\/p>\n<p style=\"text-align: justify;\">4.1 Un miembro de la ISH no apoyar\u00e1 la pr\u00e1ctica o el aprendizaje de la hipnosis de aquellas personas que no cumplen los requisitos para ser miembros, excepto en los casos indicados en el punto 4.3.<\/p>\n<p style=\"text-align: justify;\">4.2 Un miembro de la ISH no formar\u00e1 en t\u00e9cnicas hipn\u00f3ticas a individuos o grupos que incluyan personas que actualmente no cumplan los requisitos para ser miembro de la ISH. Las charlas informativas a personas legas en hipnosis est\u00e1n, por supuesto, permitidas, siempre y cuando no incluyan demostraciones ni material did\u00e1ctico relacionado con t\u00e9cnicas de inducci\u00f3n hipn\u00f3tica. Personas legas son todas aqu\u00e9llas que actualmente no cumplen los requisitos para ser miembros de la ISH.<\/p>\n<p style=\"text-align: justify;\">4.3 Se except\u00faan los estudiantes en formaci\u00f3n en las profesiones o disciplinas adecuadas. La ISH reconoce que la hipnosis puede ser empleada apropiadamente por enfermeros o t\u00e9cnicos en emergencias sanitarias, bajo la supervisi\u00f3n directa e inmediata de una persona cuya acreditaci\u00f3n y formaci\u00f3n le permitan ser miembro de la ISH y que haya aceptado un compromiso con sus normas. Se pueden realizar acuerdos especiales para entrenar a dichos enfermeros o t\u00e9cnicos superiores en emergencias sanitarias siempre que estos trabajen en todo momento bajo la supervisi\u00f3n directa de un miembro de la ISH o de un profesional con una formaci\u00f3n equivalente, tal como se ha se\u00f1alado.<\/p>\n<p style=\"text-align: justify;\">4.4 Las reuniones con representantes legos de la prensa u otros medios de comunicaci\u00f3n est\u00e1n permitidas para favorecer el conocimiento y la comprensi\u00f3n por parte del p\u00fablico de asuntos pertenecientes a la hipnosis. Tales conversaciones con representantes legos de la prensa y apariciones en radio o televisi\u00f3n son bienvenidas siempre y cuando \u00e9stas sean consistentes con los objetivos de la Sociedad y con sus directrices \u00e9ticas.<\/p>\n<p style=\"text-align: justify;\"><strong>5 Uso del nombre de la Sociedad.<\/strong><\/p>\n<p style=\"text-align: justify;\">5.1 Los miembros de la ISH pueden emplear las iniciales ISH tras sus nombres. No obstante, de ser posible se recomienda emplear el nombre completo de la Sociedad para informar adecuadamente al p\u00fablico.<\/p>\n<p style=\"text-align: justify;\"><em>1 Algunos pa\u00edses tienen las llamadas \u201cActuaciones de Hipnotismo\u201d, por ejemplo, Gran Breta\u00f1a (1952), pero si en \u00e9stas s\u00f3lo se utiliza la hipnosis para entretener, no se considera pertinente a la conducta de los miembros de la ISH. Si se comunica al Consejo Nacional la transgresi\u00f3n de estas directrices por parte de un miembro de la ISH, el Presidente del Subcomit\u00e9 \u00c9tico de la ISH escribir\u00e1 a tal miembro para requerir una explicaci\u00f3n. Si el Consejo no la encuentra satisfactoria, o entiende que las transgresiones van a continuar, se rescindir\u00e1 la pertenencia de esa persona a la ISH.<\/em><\/p>\n<p style=\"text-align: justify;\"><em>2 A menudo los solicitantes de informaci\u00f3n e incluso sus m\u00e9dicos de cabecera desconocen que en los departamentos de Psicolog\u00eda Cl\u00ednica, de Orientaci\u00f3n Infantil y otros de su localidad hay ayuda adecuada disponible para sus problemas. Por tanto, pueden pensar, de forma equivocada, que la \u00fanica opci\u00f3n disponible para ellos es buscar la ayuda de un \u00abhipnoterapeuta\u00bb. La Secretar\u00eda Nacional, as\u00ed como las Secretar\u00edas Regionales deben de ser muy cuidadosas al responder a las solicitudes de las personas, de manera que \u00e9stas obtengan informaci\u00f3n detallada de las opciones locales de que disponen y de los procedimientos necesarios para obtener ayuda apropiada.<\/em><\/p>\n<p style=\"text-align: justify;\"><em>3 Resoluci\u00f3n aprobada por los miembros de las Sociedades Constituyentes y corregidas en el Encuentro Informal del Consejo de Representantes en Octubre de 2002.<\/em><\/p>\n<p style=\"text-align: justify;\">\n<p style=\"text-align: justify;\">Texto original disponible en <a href=\"http:\/\/www.ish-hypnosis.org\/ish-codeethics.htm\" target=\"_blank\">http:\/\/www.ish-hypnosis.org\/ish-codeethics.htm<\/a><br \/>\nTraducido por el Grupo de Trabajo de Hipnosis Psicol\u00f3gica del Colegio Oficial de Psic\u00f3logos de la Comunidad Valenciana (Espa\u00f1a). Colaboraci\u00f3n de la Dra. Elena Mendoza<\/p>\n<p>Diciembre de 2010<\/p>\n","protected":false},"excerpt":{"rendered":"<p>C\u00f3digo \u00e9tico de la International Society of Hypnosis (ISH), traducido al castellano por el Grupo de Trabajo de Hipnosis Psicol\u00f3gica del COP-CV, en colaboraci\u00f3n con la Dra. Elena Mendoza. Esta traducci\u00f3n ha sido aprobada por la ISH. Descargar en pdf. C\u00d3DIGO \u00c9TICO DE LA SOCIEDAD INTERNACIONAL DE HIPNOSIS La Sociedad Internacional de Hipnosis (ISH por &hellip;<\/p>\n","protected":false},"author":12,"featured_media":0,"parent":0,"menu_order":3,"comment_status":"closed","ping_status":"closed","template":"","meta":{"footnotes":""},"categories":[123,99],"tags":[],"class_list":["post-1050","page","type-page","status-publish","hentry","category-actividad","category-documentos-recusos"],"_links":{"self":[{"href":"https:\/\/www.grupohipnosiscopcv.es\/wordpress\/wp-json\/wp\/v2\/pages\/1050","targetHints":{"allow":["GET"]}}],"collection":[{"href":"https:\/\/www.grupohipnosiscopcv.es\/wordpress\/wp-json\/wp\/v2\/pages"}],"about":[{"href":"https:\/\/www.grupohipnosiscopcv.es\/wordpress\/wp-json\/wp\/v2\/types\/page"}],"author":[{"embeddable":true,"href":"https:\/\/www.grupohipnosiscopcv.es\/wordpress\/wp-json\/wp\/v2\/users\/12"}],"replies":[{"embeddable":true,"href":"https:\/\/www.grupohipnosiscopcv.es\/wordpress\/wp-json\/wp\/v2\/comments?post=1050"}],"version-history":[{"count":23,"href":"https:\/\/www.grupohipnosiscopcv.es\/wordpress\/wp-json\/wp\/v2\/pages\/1050\/revisions"}],"predecessor-version":[{"id":2287,"href":"https:\/\/www.grupohipnosiscopcv.es\/wordpress\/wp-json\/wp\/v2\/pages\/1050\/revisions\/2287"}],"wp:attachment":[{"href":"https:\/\/www.grupohipnosiscopcv.es\/wordpress\/wp-json\/wp\/v2\/media?parent=1050"}],"wp:term":[{"taxonomy":"category","embeddable":true,"href":"https:\/\/www.grupohipnosiscopcv.es\/wordpress\/wp-json\/wp\/v2\/categories?post=1050"},{"taxonomy":"post_tag","embeddable":true,"href":"https:\/\/www.grupohipnosiscopcv.es\/wordpress\/wp-json\/wp\/v2\/tags?post=1050"}],"curies":[{"name":"wp","href":"https:\/\/api.w.org\/{rel}","templated":true}]}}