{"id":103,"date":"2010-01-20T19:16:34","date_gmt":"2010-01-20T18:16:34","guid":{"rendered":"http:\/\/www.grupohipnosiscopcv.es\/wordpress\/?page_id=103"},"modified":"2010-03-06T20:54:34","modified_gmt":"2010-03-06T19:54:34","slug":"definiciones-de-hipnosis","status":"publish","type":"page","link":"https:\/\/www.grupohipnosiscopcv.es\/wordpress\/recursos-para-profesionales\/definiciones-de-hipnosis\/","title":{"rendered":"Definiciones de hipnosis"},"content":{"rendered":"<p>DEFINICI\u00d3N DE HIPNOSIS DE LA AMERICAN PSYCHOLOGICAL ASSOCIATION (Divisi\u00f3n 30 -Society of Psychological Hypnosis-, 2004)<\/p>\n<p>\u201cHabitualmente, la hipnosis conlleva una introducci\u00f3n al procedimiento durante la cual se dice a un sujeto que se le presentar\u00e1n sugestiones de experiencias imaginativas. La inducci\u00f3n hipn\u00f3tica es una\u00a0 sugesti\u00f3n, extensa y amplia para usar la propia imaginaci\u00f3n, que se da al comienzo (initial), y que puede incluir\u00a0 mayores detalles (elaborations) de la introducci\u00f3n.<\/p>\n<p>Se usa un procedimiento hipn\u00f3tico para fomentar y evaluar respuestas a las sugestiones. Al usar la hipnosis, una persona (el sujeto) es guiado por otra (el hipnotizador) para que responda a las sugestiones de cambios en la experiencia subjetiva, alteraciones en la percepci\u00f3n, sensaci\u00f3n, emoci\u00f3n, pensamiento o conducta. Las personas pueden aprender tambi\u00e9n auto-hipnosis, que es el acto de administrar procedimientos hipn\u00f3ticos a uno mismo.<\/p>\n<p>Si el sujeto responde a las sugestiones hipn\u00f3ticas, generalmente se infiere que se ha inducido una hipnosis.<\/p>\n<p>Muchos creen que las respuestas y experiencias hipn\u00f3ticas son caracter\u00edsticas de un estado hipn\u00f3tico. Aunque algunos piensan que no hace falta usar la palabra \u201chipnosis\u201d\u00a0 como una parte de la inducci\u00f3n hipn\u00f3tica, otros lo ven esencial.<\/p>\n<p>Los detalles de los procedimientos y sugestiones hipn\u00f3ticos diferir\u00e1n seg\u00fan los objetivos de quien la practique, y de los prop\u00f3sitos de la tarea cl\u00ednica o de investigaci\u00f3n que se intenta realizar. Tradicionalmente, los procedimientos incluyen sugestiones para relajarse, aunque la relajaci\u00f3n no es una parte necesaria para la hipnosis, pudi\u00e9ndose usar una amplia variedad de sugestiones, incluidas las de alerta.<\/p>\n<p>Tanto en \u00e1mbitos cl\u00ednicos como de investigaci\u00f3n se pueden usar sugestiones que permiten evaluar el alcance de la hipnosis comparando las respuestas con escalas estandarizadas. Si bien la mayor\u00eda de los sujetos pueden responder, al menos, a algunas sugestiones, las puntuaciones de las escalas suelen abarcar un rango que oscila desde lo elevado a lo insignificante. Tradicionalmente, las puntuaciones se han agrupado en las categor\u00edas de bajas, medias y altas.<\/p>\n<p>Tal y como ocurre con otras medidas de constructos psicol\u00f3gicos escaladas positivamente, como la atenci\u00f3n y el apercibimiento, la claridad de la evidencia de haber logrado la hipnosis se incrementa con la puntuaci\u00f3n del individuo.\u201d<\/p>\n<p>DEFINICI\u00d3N DE HIPNOSIS DE LA SOCIEDAD PSICOL\u00d3GICA BRIT\u00c1NICA (2000-02)[1]<\/p>\n<p>El t\u00e9rmino \u201chipnosis\u201d designa la interacci\u00f3n que se da entre una persona, el \u201chipnotizador\u201d, y otra persona o personas, el \u201csujeto\u201d o \u201csujetos\u201d.<\/p>\n<p>En esta interacci\u00f3n, el hipnotizador intenta influir en la percepci\u00f3n, sentimientos, pensamientos y conductas de los sujetos, pidi\u00e9ndoles que se concentren en una idea o imagen capaces de evocar los efectos que se pretenden conseguir.<\/p>\n<p>Las comunicaciones verbales que el hipnotizador emplea para alcanzar esos efectos se denominan sugestiones.<\/p>\n<p>La diferencia entre las sugestiones y cualquier otra clase de instrucciones, radica en que la sugesti\u00f3n implica que las respuestas experimentadas por los sujetos tendr\u00e1n un car\u00e1cter involuntario o se experimentar\u00e1n sin esfuerzo.<\/p>\n<p>Los sujetos pueden aprender a utilizar los procedimientos hipn\u00f3ticos sin necesidad del hipnotizador, lo que se denomina \u201cauto-hipnosis\u201d.<\/p>\n<p>[1] Sociedad Brit\u00e1nica de Psicolog\u00eda (2002). <em>La naturaleza de la hipnosis<\/em>. Valencia: Promolibro.<\/p>\n","protected":false},"excerpt":{"rendered":"<p>DEFINICI\u00d3N DE HIPNOSIS DE LA AMERICAN PSYCHOLOGICAL ASSOCIATION (Divisi\u00f3n 30 -Society of Psychological Hypnosis-, 2004) \u201cHabitualmente, la hipnosis conlleva una introducci\u00f3n al procedimiento durante la cual se dice a un sujeto que se le presentar\u00e1n sugestiones de experiencias imaginativas. La inducci\u00f3n hipn\u00f3tica es una\u00a0 sugesti\u00f3n, extensa y amplia para usar la propia imaginaci\u00f3n, que se &hellip;<\/p>\n","protected":false},"author":12,"featured_media":0,"parent":29,"menu_order":3,"comment_status":"closed","ping_status":"closed","template":"","meta":{"footnotes":""},"categories":[10],"tags":[],"class_list":["post-103","page","type-page","status-publish","hentry","category-noticias"],"_links":{"self":[{"href":"https:\/\/www.grupohipnosiscopcv.es\/wordpress\/wp-json\/wp\/v2\/pages\/103","targetHints":{"allow":["GET"]}}],"collection":[{"href":"https:\/\/www.grupohipnosiscopcv.es\/wordpress\/wp-json\/wp\/v2\/pages"}],"about":[{"href":"https:\/\/www.grupohipnosiscopcv.es\/wordpress\/wp-json\/wp\/v2\/types\/page"}],"author":[{"embeddable":true,"href":"https:\/\/www.grupohipnosiscopcv.es\/wordpress\/wp-json\/wp\/v2\/users\/12"}],"replies":[{"embeddable":true,"href":"https:\/\/www.grupohipnosiscopcv.es\/wordpress\/wp-json\/wp\/v2\/comments?post=103"}],"version-history":[{"count":3,"href":"https:\/\/www.grupohipnosiscopcv.es\/wordpress\/wp-json\/wp\/v2\/pages\/103\/revisions"}],"predecessor-version":[{"id":105,"href":"https:\/\/www.grupohipnosiscopcv.es\/wordpress\/wp-json\/wp\/v2\/pages\/103\/revisions\/105"}],"up":[{"embeddable":true,"href":"https:\/\/www.grupohipnosiscopcv.es\/wordpress\/wp-json\/wp\/v2\/pages\/29"}],"wp:attachment":[{"href":"https:\/\/www.grupohipnosiscopcv.es\/wordpress\/wp-json\/wp\/v2\/media?parent=103"}],"wp:term":[{"taxonomy":"category","embeddable":true,"href":"https:\/\/www.grupohipnosiscopcv.es\/wordpress\/wp-json\/wp\/v2\/categories?post=103"},{"taxonomy":"post_tag","embeddable":true,"href":"https:\/\/www.grupohipnosiscopcv.es\/wordpress\/wp-json\/wp\/v2\/tags?post=103"}],"curies":[{"name":"wp","href":"https:\/\/api.w.org\/{rel}","templated":true}]}}