{"id":1024,"date":"2011-01-12T16:09:21","date_gmt":"2011-01-12T15:09:21","guid":{"rendered":"http:\/\/www.grupohipnosiscopcv.es\/wordpress\/"},"modified":"2012-01-18T09:21:42","modified_gmt":"2012-01-18T08:21:42","slug":"garcia-martinez-rosa","status":"publish","type":"page","link":"https:\/\/www.grupohipnosiscopcv.es\/wordpress\/informacion-para-usuarios\/profesionales-cualificados\/garcia-martinez-rosa\/","title":{"rendered":"Garc\u00eda Mart\u00ednez, Rosa I."},"content":{"rendered":"<div id=\"_mcePaste\"><span style=\"line-height: 24px; font-size: small;\"> <\/span><\/p>\n<div>\n<p><strong>Titulaci\u00f3n universitaria:<\/strong><\/p>\n<p>Licenciada en Psicolog\u00eda por la Universidad de Valencia. M\u00e1ster en psicolog\u00eda cl\u00ednica y de la salud.<\/p>\n<p>Postgrado en psicolog\u00eda forense.<\/p>\n<p><strong>Colegiado:<\/strong><\/p>\n<p>CV-09821 Colegio Oficial de Psic\u00f3logos de la Comunidad Valenciana.<\/p>\n<p><strong>Titulaci\u00f3n o estudios de hipnosis:<\/strong><\/p>\n<p>\u201cPr\u00e1cticum en Personalidad, Evaluaci\u00f3n y Tratamientos Psicol\u00f3gicos\u201d En centro de profesionales cualificados para el uso de la Hipnosis Cient\u00edfica. Duraci\u00f3n: 240 horas. Calificaci\u00f3n: excelente.<\/p>\n<p>Curso: \u201cLa Hipnosis y sus aplicaciones Cl\u00ednicas: Desarrollo y Profundizaci\u00f3n\u201d. COP Valencia. Duraci\u00f3n: 30 horas.<\/p>\n<p><strong>Temas que trata:<\/strong><\/p>\n<p>Problemas de ansiedad, depresi\u00f3n, adicciones, dolor cr\u00f3nico, autoestima, habilidades sociales, duelo, trastornos alimentarios, insomnio, tabaquismo, disfunciones sexuales, \u00a0infertilidad, terapia de pareja\u2026 Consulte si trato su problema.<\/p>\n<p><strong>Datos de contacto:<\/strong><\/p>\n<p>&nbsp;<\/p>\n<p>&nbsp;<\/p>\n<p>Valencia: Gran V\u00eda Fernando el Cat\u00f3lico, n\u00ba 24 4\u00ba pta14<\/p>\n<p>Ibi (Alicante): Av. Juan Carlos I, n\u00ba 50 2\u00baB<\/p>\n<p>Tel\u00e9fono:644381490<\/p>\n<p>www.psicologiasaludypericiales.com<\/p>\n<p>E-mail:info@psicologiasaludypericiales.com<\/p>\n<p>&nbsp;<\/p>\n<p><strong>Otros datos:<\/strong><\/p>\n<p>Tambi\u00e9n especializada en Psicolog\u00eda \u00a0Forense (realizaci\u00f3n de informes periciales psicol\u00f3gicos).<\/p>\n<\/div>\n<p><span style=\"line-height: 24px; font-size: small;\"> <\/span><\/div>\n","protected":false},"excerpt":{"rendered":"<p>Titulaci\u00f3n universitaria: Licenciada en Psicolog\u00eda por la Universidad de Valencia. M\u00e1ster en psicolog\u00eda cl\u00ednica y de la salud. Postgrado en psicolog\u00eda forense. Colegiado: CV-09821 Colegio Oficial de Psic\u00f3logos de la Comunidad Valenciana. Titulaci\u00f3n o estudios de hipnosis: \u201cPr\u00e1cticum en Personalidad, Evaluaci\u00f3n y Tratamientos Psicol\u00f3gicos\u201d En centro de profesionales cualificados para el uso de la Hipnosis &hellip;<\/p>\n","protected":false},"author":12,"featured_media":0,"parent":38,"menu_order":35,"comment_status":"closed","ping_status":"closed","template":"","meta":{"footnotes":""},"categories":[],"tags":[],"class_list":["post-1024","page","type-page","status-publish","hentry"],"_links":{"self":[{"href":"https:\/\/www.grupohipnosiscopcv.es\/wordpress\/wp-json\/wp\/v2\/pages\/1024","targetHints":{"allow":["GET"]}}],"collection":[{"href":"https:\/\/www.grupohipnosiscopcv.es\/wordpress\/wp-json\/wp\/v2\/pages"}],"about":[{"href":"https:\/\/www.grupohipnosiscopcv.es\/wordpress\/wp-json\/wp\/v2\/types\/page"}],"author":[{"embeddable":true,"href":"https:\/\/www.grupohipnosiscopcv.es\/wordpress\/wp-json\/wp\/v2\/users\/12"}],"replies":[{"embeddable":true,"href":"https:\/\/www.grupohipnosiscopcv.es\/wordpress\/wp-json\/wp\/v2\/comments?post=1024"}],"version-history":[{"count":4,"href":"https:\/\/www.grupohipnosiscopcv.es\/wordpress\/wp-json\/wp\/v2\/pages\/1024\/revisions"}],"predecessor-version":[{"id":1389,"href":"https:\/\/www.grupohipnosiscopcv.es\/wordpress\/wp-json\/wp\/v2\/pages\/1024\/revisions\/1389"}],"up":[{"embeddable":true,"href":"https:\/\/www.grupohipnosiscopcv.es\/wordpress\/wp-json\/wp\/v2\/pages\/38"}],"wp:attachment":[{"href":"https:\/\/www.grupohipnosiscopcv.es\/wordpress\/wp-json\/wp\/v2\/media?parent=1024"}],"wp:term":[{"taxonomy":"category","embeddable":true,"href":"https:\/\/www.grupohipnosiscopcv.es\/wordpress\/wp-json\/wp\/v2\/categories?post=1024"},{"taxonomy":"post_tag","embeddable":true,"href":"https:\/\/www.grupohipnosiscopcv.es\/wordpress\/wp-json\/wp\/v2\/tags?post=1024"}],"curies":[{"name":"wp","href":"https:\/\/api.w.org\/{rel}","templated":true}]}}