{"id":1013,"date":"2010-12-13T10:50:46","date_gmt":"2010-12-13T09:50:46","guid":{"rendered":"http:\/\/www.grupohipnosiscopcv.es\/wordpress\/"},"modified":"2010-12-13T10:50:46","modified_gmt":"2010-12-13T09:50:46","slug":"frases","status":"publish","type":"page","link":"https:\/\/www.grupohipnosiscopcv.es\/wordpress\/informacion-para-usuarios\/frases\/","title":{"rendered":"Frases"},"content":{"rendered":"<p>En este apartado se incluir\u00e1n las frases destacadas que se  ir\u00e1n recopilando, en distintos medios de comunicaci\u00f3n, con comentarios sobre  ellas realizados por el Grupo de Trabajo de Hipnosis Psicol\u00f3gica.<\/p>\n<p>[faq list frases]<\/p>\n","protected":false},"excerpt":{"rendered":"<p>En este apartado se incluir\u00e1n las frases destacadas que se ir\u00e1n recopilando, en distintos medios de comunicaci\u00f3n, con comentarios sobre ellas realizados por el Grupo de Trabajo de Hipnosis Psicol\u00f3gica. [faq list frases]<\/p>\n","protected":false},"author":12,"featured_media":0,"parent":27,"menu_order":15,"comment_status":"closed","ping_status":"closed","template":"","meta":{"footnotes":""},"categories":[],"tags":[],"class_list":["post-1013","page","type-page","status-publish","hentry"],"_links":{"self":[{"href":"https:\/\/www.grupohipnosiscopcv.es\/wordpress\/wp-json\/wp\/v2\/pages\/1013","targetHints":{"allow":["GET"]}}],"collection":[{"href":"https:\/\/www.grupohipnosiscopcv.es\/wordpress\/wp-json\/wp\/v2\/pages"}],"about":[{"href":"https:\/\/www.grupohipnosiscopcv.es\/wordpress\/wp-json\/wp\/v2\/types\/page"}],"author":[{"embeddable":true,"href":"https:\/\/www.grupohipnosiscopcv.es\/wordpress\/wp-json\/wp\/v2\/users\/12"}],"replies":[{"embeddable":true,"href":"https:\/\/www.grupohipnosiscopcv.es\/wordpress\/wp-json\/wp\/v2\/comments?post=1013"}],"version-history":[{"count":2,"href":"https:\/\/www.grupohipnosiscopcv.es\/wordpress\/wp-json\/wp\/v2\/pages\/1013\/revisions"}],"predecessor-version":[{"id":2319,"href":"https:\/\/www.grupohipnosiscopcv.es\/wordpress\/wp-json\/wp\/v2\/pages\/1013\/revisions\/2319"}],"up":[{"embeddable":true,"href":"https:\/\/www.grupohipnosiscopcv.es\/wordpress\/wp-json\/wp\/v2\/pages\/27"}],"wp:attachment":[{"href":"https:\/\/www.grupohipnosiscopcv.es\/wordpress\/wp-json\/wp\/v2\/media?parent=1013"}],"wp:term":[{"taxonomy":"category","embeddable":true,"href":"https:\/\/www.grupohipnosiscopcv.es\/wordpress\/wp-json\/wp\/v2\/categories?post=1013"},{"taxonomy":"post_tag","embeddable":true,"href":"https:\/\/www.grupohipnosiscopcv.es\/wordpress\/wp-json\/wp\/v2\/tags?post=1013"}],"curies":[{"name":"wp","href":"https:\/\/api.w.org\/{rel}","templated":true}]}}